{"id":8,"date":"2017-09-23T20:27:33","date_gmt":"2017-09-23T20:27:33","guid":{"rendered":"https:\/\/www.jeodev.com\/?page_id=8"},"modified":"2017-11-03T15:41:01","modified_gmt":"2017-11-03T15:41:01","slug":"anasayfa","status":"publish","type":"page","link":"https:\/\/www.jeodev.com\/","title":{"rendered":"Anasayfa"},"content":{"rendered":"<div id='full_slider_1'  class='avia-fullwidth-slider main_color avia-shadow   avia-builder-el-0  el_before_av_heading  avia-builder-el-first   container_wrap sidebar_right'  >\n<style type=\"text\/css\" data-created_by=\"avia_inline_auto\" id=\"style-css-av-av_slideshow_full-8cd22584be9bd29a14d6b4200e837bb8\">\n#top #wrap_all .avia-slideshow .av-slideshow-caption.av-av_slideshow_full-8cd22584be9bd29a14d6b4200e837bb8__0 .avia-caption-title{\nfont-size:20px;\n}\n#top .avia-slideshow .av-slideshow-caption.av-av_slideshow_full-8cd22584be9bd29a14d6b4200e837bb8__0 .avia-caption-content{\nfont-size:13px;\n}\n#top .avia-slideshow .av-slideshow-caption.av-av_slideshow_full-8cd22584be9bd29a14d6b4200e837bb8__0 .avia-caption-content p{\nfont-size:13px;\n}\n#top #wrap_all .avia-slideshow .av-slideshow-caption.av-av_slideshow_full-8cd22584be9bd29a14d6b4200e837bb8__1 .avia-caption-title{\nfont-size:20px;\n}\n#top .avia-slideshow .av-slideshow-caption.av-av_slideshow_full-8cd22584be9bd29a14d6b4200e837bb8__1 .avia-caption-content{\nfont-size:13px;\n}\n#top .avia-slideshow .av-slideshow-caption.av-av_slideshow_full-8cd22584be9bd29a14d6b4200e837bb8__1 .avia-caption-content p{\nfont-size:13px;\n}\n#top #wrap_all .avia-slideshow .av-slideshow-caption.av-av_slideshow_full-8cd22584be9bd29a14d6b4200e837bb8__2 .avia-caption-title{\nfont-size:20px;\n}\n#top .avia-slideshow .av-slideshow-caption.av-av_slideshow_full-8cd22584be9bd29a14d6b4200e837bb8__2 .avia-caption-content{\nfont-size:13px;\n}\n#top .avia-slideshow .av-slideshow-caption.av-av_slideshow_full-8cd22584be9bd29a14d6b4200e837bb8__2 .avia-caption-content p{\nfont-size:13px;\n}\n<\/style>\n<div  class='avia-slideshow av-av_slideshow_full-8cd22584be9bd29a14d6b4200e837bb8 avia-slideshow-featured av_slideshow_full avia-slide-slider av-slideshow-ui av-control-default av-slideshow-autoplay av-loop-endless av-loop-manual-endless av-default-height-applied   avia-slideshow-1' data-slideshow-options=\"{&quot;animation&quot;:&quot;slide&quot;,&quot;autoplay&quot;:true,&quot;loop_autoplay&quot;:&quot;endless&quot;,&quot;interval&quot;:7,&quot;loop_manual&quot;:&quot;manual-endless&quot;,&quot;autoplay_stopper&quot;:false,&quot;noNavigation&quot;:false,&quot;bg_slider&quot;:false,&quot;keep_padding&quot;:false,&quot;hoverpause&quot;:false,&quot;show_slide_delay&quot;:0}\"  itemprop=\"image\" itemscope=\"itemscope\" itemtype=\"https:\/\/schema.org\/ImageObject\" ><ul class='avia-slideshow-inner ' style='padding-bottom: 29.819694868239%;'><li  class='avia-slideshow-slide av-av_slideshow_full-8cd22584be9bd29a14d6b4200e837bb8__0  slide-1 slide-odd'><div data-rel='slideshow-1' class='avia-slide-wrap '   ><div class='av-slideshow-caption av-av_slideshow_full-8cd22584be9bd29a14d6b4200e837bb8__0 caption_fullwidth caption_right caption_right_framed caption_framed'><div class=\"container caption_container\"><div class=\"slideshow_caption\"><div class=\"slideshow_inner_caption\"><div class=\"slideshow_align_caption\"><h2 class='avia-caption-title '  itemprop=\"name\" >ZEM\u0130N ET\u00dcT \u00c7ALI\u015eMALARI<\/h2><div class='avia-caption-content '  itemprop=\"description\" ><p>Zemin Et\u00fct \u00c7al\u0131\u015fmalar\u0131n\u0131z\u0131 profesyonel ekiple teslim ediyoruz.<\/p>\n<\/div><\/div><\/div><\/div><\/div><\/div><img fetchpriority=\"high\" class=\"wp-image-46 avia-img-lazy-loading-not-46\"  src='https:\/\/www.jeodev.com\/wp-content\/uploads\/2017\/09\/2-1442x430.jpg' width='1442' height='430' title='2' alt=''  itemprop=\"thumbnailUrl\"   \/><\/div><\/li><li  class='avia-slideshow-slide av-av_slideshow_full-8cd22584be9bd29a14d6b4200e837bb8__1  slide-2 slide-even'><div data-rel='slideshow-1' class='avia-slide-wrap '   ><div class='av-slideshow-caption av-av_slideshow_full-8cd22584be9bd29a14d6b4200e837bb8__1 caption_fullwidth caption_right caption_right_framed caption_framed'><div class=\"container caption_container\"><div class=\"slideshow_caption\"><div class=\"slideshow_inner_caption\"><div class=\"slideshow_align_caption\"><h2 class='avia-caption-title '  itemprop=\"name\" >KAL\u0130TE KONTROL VE TEST H\u0130ZMETLER\u0130<\/h2><div class='avia-caption-content '  itemprop=\"description\" ><p>S\u0131k\u0131\u015fma Kontrol\u00fc Testleri Plaka Y\u00fckleme Testi Arazi CBR Testi Kaz\u0131k B\u00fct\u00fcnl\u00fck Testi<\/p>\n<\/div><\/div><\/div><\/div><\/div><\/div><img fetchpriority=\"high\" class=\"wp-image-156 avia-img-lazy-loading-not-156\"  src='https:\/\/www.jeodev.com\/wp-content\/uploads\/2017\/09\/slider-1442x430.jpg' width='1442' height='430' title='slider' alt=''  itemprop=\"thumbnailUrl\"   \/><\/div><\/li><li  class='avia-slideshow-slide av-av_slideshow_full-8cd22584be9bd29a14d6b4200e837bb8__2  slide-3 slide-odd'><div data-rel='slideshow-1' class='avia-slide-wrap '   ><div class='av-slideshow-caption av-av_slideshow_full-8cd22584be9bd29a14d6b4200e837bb8__2 caption_fullwidth caption_right caption_right_framed caption_framed'><div class=\"container caption_container\"><div class=\"slideshow_caption\"><div class=\"slideshow_inner_caption\"><div class=\"slideshow_align_caption\"><h2 class='avia-caption-title '  itemprop=\"name\" >LABORATUVAR VE ARAZ\u0130 DENEYLER\u0130<\/h2><div class='avia-caption-content '  itemprop=\"description\" ><p>Zemin Mekani\u011fi Deneyleri Kaya Mekani\u011fi<br \/>\nInkl\u0131nometre Kuyu \u0130malat\u0131 ve \u00d6l\u00e7\u00fcm\u00fc Kuyu ve Y\u00fczet Ekstansometresi Presiyometre Bas\u0131n\u00e7l\u0131 su testi deneyi (BST)<br \/>\nPlaka y\u00fckleme deneyi Penetrasyon<\/p>\n<\/div><\/div><\/div><\/div><\/div><\/div><img fetchpriority=\"high\" class=\"wp-image-45 avia-img-lazy-loading-not-45\"  src='https:\/\/www.jeodev.com\/wp-content\/uploads\/2017\/09\/1-1442x430.jpg' width='1442' height='430' title='1' alt=''  itemprop=\"thumbnailUrl\"   \/><\/div><\/li><\/ul><div class='avia-slideshow-arrows avia-slideshow-controls' ><a href='#prev' class='prev-slide ' aria-hidden='true' data-av_icon='\ue87c' data-av_iconfont='entypo-fontello'  tabindex='-1'>\u00d6nceki<\/a><a href='#next' class='next-slide ' aria-hidden='true' data-av_icon='\ue87d' data-av_iconfont='entypo-fontello'  tabindex='-1'>Sonraki<\/a><\/div><div class='avia-slideshow-dots avia-slideshow-controls'><a href='#1' class='goto-slide active' >1<\/a><a href='#2' class='goto-slide ' >2<\/a><a href='#3' class='goto-slide ' >3<\/a><\/div><\/div><\/div><div id='after_full_slider_1'  class='main_color av_default_container_wrap container_wrap sidebar_right'  ><div class='container av-section-cont-open' ><div class='template-page content  av-content-small alpha units'><div class='post-entry post-entry-type-page post-entry-8'><div class='entry-content-wrapper clearfix'>\n\n<style type=\"text\/css\" data-created_by=\"avia_inline_auto\" id=\"style-css-av-av_heading-bd5433ecf74246b3b257e0a2e0b759fb\">\n#top .av-special-heading.av-av_heading-bd5433ecf74246b3b257e0a2e0b759fb{\npadding-bottom:0;\n}\nbody .av-special-heading.av-av_heading-bd5433ecf74246b3b257e0a2e0b759fb .av-special-heading-tag .heading-char{\nfont-size:25px;\n}\n.av-special-heading.av-av_heading-bd5433ecf74246b3b257e0a2e0b759fb .av-subheading{\nfont-size:12px;\n}\n<\/style>\n<div  class='av-special-heading av-av_heading-bd5433ecf74246b3b257e0a2e0b759fb av-special-heading-h3 blockquote modern-quote modern-centered  avia-builder-el-1  el_after_av_slideshow_full  el_before_av_partner  avia-builder-el-first '><div class='av-subheading av-subheading_above'><p>Sizleri de aram\u0131zda g\u00f6rmekten onur duyaca\u011f\u0131z.<\/p>\n<\/div><h3 class='av-special-heading-tag'  itemprop=\"headline\"  >REFERANSLARIMIZDAN BAZILARI<\/h3><div class=\"special-heading-border\"><div class=\"special-heading-inner-border\"><\/div><\/div><\/div>\n\n<style type=\"text\/css\" data-created_by=\"avia_inline_auto\" id=\"style-css-av-av_partner-9f00814bb77d6545f84b9e8ba7a607eb\">\n.avia-logo-element-container.av-av_partner-9f00814bb77d6545f84b9e8ba7a607eb .av-partner-fake-img{\nbackground-size:cover;\n}\n<\/style>\n<div  class='avia-logo-element-container av-av_partner-9f00814bb77d6545f84b9e8ba7a607eb avia-logo-slider avia-content-slider avia-smallarrow-slider avia-content-slider-active noHover avia-content-slider-even  avia-builder-el-2  el_after_av_heading  el_before_av_image_hotspot  avia-builder-el-last  av-slideshow-ui av-control-default av-nav-arrows-visible av-nav-dots-visible av-hide-nav-arrows av-slideshow-manual av-loop-once av-loop-manual-endless avia-content-slider1' data-slideshow-options=\"{&quot;animation&quot;:&quot;slide&quot;,&quot;autoplay&quot;:false,&quot;loop_autoplay&quot;:&quot;once&quot;,&quot;interval&quot;:3,&quot;loop_manual&quot;:&quot;manual-endless&quot;,&quot;autoplay_stopper&quot;:false,&quot;noNavigation&quot;:false,&quot;bg_slider&quot;:false,&quot;keep_padding&quot;:&quot;&quot;,&quot;hoverpause&quot;:false,&quot;show_slide_delay&quot;:0}\"><div class='avia-smallarrow-slider-heading  no-logo-slider-heading '><div class='new-special-heading'>&nbsp;<\/div><\/div><div class=\"avia-content-slider-inner\"><div class=\"slide-entry-wrap\"><div  class='slide-entry av-av_partner_logo-6302a82564cf2e78363deace02baacd7 flex_column no_margin av_one_fourth real-thumbnail post-entry slide-entry-overview slide-loop-1 slide-parity-odd  first'><span class='av-partner-fake-img' style='padding-bottom:100%; background-image:url(https:\/\/www.jeodev.com\/wp-content\/uploads\/2017\/09\/faw.png);'><\/span><\/div><div  class='slide-entry av-av_partner_logo-b60f15fe3c7bb83dafc70a4400385c7c flex_column no_margin av_one_fourth real-thumbnail post-entry slide-entry-overview slide-loop-2 slide-parity-even  '><span class='av-partner-fake-img' style='padding-bottom:100%; background-image:url(https:\/\/www.jeodev.com\/wp-content\/uploads\/2017\/09\/\u00f6ztaygrup-proje-180x180.png);'><\/span><\/div><div  class='slide-entry av-av_partner_logo-5db2e25c82e088b9cf9e89182afbc9cd flex_column no_margin av_one_fourth real-thumbnail post-entry slide-entry-overview slide-loop-3 slide-parity-odd  '><span class='av-partner-fake-img' style='padding-bottom:100%; background-image:url(https:\/\/www.jeodev.com\/wp-content\/uploads\/2017\/09\/jeomek-180x180.png);'><\/span><\/div><div  class='slide-entry av-av_partner_logo-99a00482358e4f523e14ceb29a79583e flex_column no_margin av_one_fourth real-thumbnail post-entry slide-entry-overview slide-loop-4 slide-parity-even post-entry-last '><span class='av-partner-fake-img' style='padding-bottom:100%; background-image:url(https:\/\/www.jeodev.com\/wp-content\/uploads\/2017\/09\/faw-300x300-3-180x180.png);'><\/span><\/div><\/div><\/div><\/div>\n\n<style type=\"text\/css\" data-created_by=\"avia_inline_auto\" id=\"style-css-sub-av-av_image_hotspot-fb98786bc3b13c9aa6cc72fbc924e2c0\">\n.av-hotspot-image-container .av-image-hotspot.av-av_image_spot-f490be9eaa1012f8eb93df3c2b77637f{\ntop:31.7%;\nleft:17.9%;\n}\n.av-hotspot-image-container .av-image-hotspot.av-av_image_spot-773ddd3ed3160f45c89b5a0a209a1ed2{\ntop:66.5%;\nleft:57.9%;\n}\n<\/style>\n<div  class='av-hotspot-image-container av-av_image_hotspot-fb98786bc3b13c9aa6cc72fbc924e2c0  avia-builder-el-3  el_after_av_partner  avia-builder-el-last  av-hotspot-blank av-permanent-tooltip av-mobile-fallback-active  av-non-fullwidth-hotspot-image'  itemprop=\"image\" itemscope=\"itemscope\" itemtype=\"https:\/\/schema.org\/ImageObject\" ><div class='av-hotspot-container'><div class='av-hotspot-container-inner-cell'><div class='av-hotspot-container-inner-wrap'><div class='av-image-hotspot av-av_image_spot-f490be9eaa1012f8eb93df3c2b77637f av-image-hotspot-1 av-permanent-tooltip' data-avia-tooltip-position='top' data-avia-tooltip-alignment='left' data-avia-tooltip-class='av-tt-xlarge-width av-tt-pos-above av-tt-align-left  av-mobile-fallback-active  av-permanent-tooltip-single  main_color av-tt-hotspot' data-avia-tooltip='&lt;p&gt;Zemin M\u00fchendisli\u011fi faaliyetlerinde bulunan Temel Zemin M\u00fchendislik firmas\u0131,&lt;br \/&gt;\nJeoloji- Jeofizik ve Jeoteknik et\u00fct \u00e7al\u0131\u015fmalar\u0131yla bir\u00e7ok projeye imza atm\u0131\u015ft\u0131r.&lt;br \/&gt;\nM\u00fchendislik \u00e7al\u0131\u015fmalar\u0131n\u0131 s\u00fcrd\u00fcren firmam\u0131z referanslar\u0131na herg\u00fcn bir yenisini katmaktad\u0131r.&lt;\/p&gt;\n'><div class='av-image-hotspot_inner'>1<\/div><div class='av-image-hotspot-pulse'><\/div><\/div><div class='av-image-hotspot av-av_image_spot-773ddd3ed3160f45c89b5a0a209a1ed2 av-image-hotspot-2 av-permanent-tooltip' data-avia-tooltip-position='top' data-avia-tooltip-alignment='left' data-avia-tooltip-class='av-tt-xlarge-width av-tt-pos-above av-tt-align-left  av-mobile-fallback-active  av-permanent-tooltip-single  main_color av-tt-hotspot' data-avia-tooltip='&lt;p&gt;Zemin Et\u00fcd\u00fc, Jeolojik Et\u00fct, Sismik Et\u00fct, Sismik Ara\u015ft\u0131rma, Jeofizik Et\u00fct, Rezistivite,&lt;br \/&gt;\nJeoteknik Et\u00fct, Yerle\u015fime Uygunluk \u00c7al\u0131\u015fmas\u0131, Sondaj, Zemin Sondaj\u0131, Temel Sondaj\u0131,&lt;br \/&gt;\nSu Sondaj\u0131, Deniz Sondaj\u0131, Su arama, Hidrojeolojik Et\u00fct, Derin Sondaj, Hava ve K\u00f6p\u00fckle Sondaj,&lt;br \/&gt;\nMaden Ara\u015ft\u0131rmalar\u0131 Sondaj\u0131, Zemin Su Et\u00fcd\u00fc, Laboratuar Deneyleri,&lt;br \/&gt;\nSondaj Kontrol Hizmetleri Projelendirme, Rapor haz\u0131rlama ve Dan\u0131\u015fmanl\u0131k Hizmetleri,&lt;br \/&gt;\nuygulamalar\u0131 faaliyetlerimizden baz\u0131lar\u0131d\u0131r.&lt;\/p&gt;\n'><div class='av-image-hotspot_inner'>2<\/div><div class='av-image-hotspot-pulse'><\/div><\/div><img fetchpriority=\"high\" class='wp-image-72 avia-img-lazy-loading-not-72 avia_image' src='https:\/\/www.jeodev.com\/wp-content\/uploads\/2017\/09\/konya-zemin-et\u00fcd\u00fc-1124x423.jpg' alt='ZEM\u0130N ET\u00dcT JEODEV' title='ZEM\u0130N ET\u00dcT JEODEV'  height=\"423\" width=\"1124\"  itemprop=\"thumbnailUrl\"  \/><\/div><\/div><\/div><div class='av-hotspot-fallback-tooltip av-image-hotspot-1 av-permanent-tooltip'><div class=\"av-hotspot-fallback-tooltip-count\">1<div class=\"avia-arrow\"><\/div><\/div><div class=\"av-hotspot-fallback-tooltip-inner clearfix\"><p>\nZemin M\u00fchendisli\u011fi faaliyetlerinde bulunan Temel Zemin M\u00fchendislik firmas\u0131,<br \/>\nJeoloji- Jeofizik ve Jeoteknik et\u00fct \u00e7al\u0131\u015fmalar\u0131yla bir\u00e7ok projeye imza atm\u0131\u015ft\u0131r.<br \/>\nM\u00fchendislik \u00e7al\u0131\u015fmalar\u0131n\u0131 s\u00fcrd\u00fcren firmam\u0131z referanslar\u0131na herg\u00fcn bir yenisini katmaktad\u0131r.<\/p>\n<\/div><\/div><div class='av-hotspot-fallback-tooltip av-image-hotspot-2 av-permanent-tooltip'><div class=\"av-hotspot-fallback-tooltip-count\">2<div class=\"avia-arrow\"><\/div><\/div><div class=\"av-hotspot-fallback-tooltip-inner clearfix\"><p>\nZemin Et\u00fcd\u00fc, Jeolojik Et\u00fct, Sismik Et\u00fct, Sismik Ara\u015ft\u0131rma, Jeofizik Et\u00fct, Rezistivite,<br \/>\nJeoteknik Et\u00fct, Yerle\u015fime Uygunluk \u00c7al\u0131\u015fmas\u0131, Sondaj, Zemin Sondaj\u0131, Temel Sondaj\u0131,<br \/>\nSu Sondaj\u0131, Deniz Sondaj\u0131, Su arama, Hidrojeolojik Et\u00fct, Derin Sondaj, Hava ve K\u00f6p\u00fckle Sondaj,<br \/>\nMaden Ara\u015ft\u0131rmalar\u0131 Sondaj\u0131, Zemin Su Et\u00fcd\u00fc, Laboratuar Deneyleri,<br \/>\nSondaj Kontrol Hizmetleri Projelendirme, Rapor haz\u0131rlama ve Dan\u0131\u015fmanl\u0131k Hizmetleri,<br \/>\nuygulamalar\u0131 faaliyetlerimizden baz\u0131lar\u0131d\u0131r.<\/p>\n<\/div><\/div><\/div>\n","protected":false},"excerpt":{"rendered":"","protected":false},"author":3,"featured_media":0,"parent":0,"menu_order":0,"comment_status":"closed","ping_status":"closed","template":"","meta":{"footnotes":""},"class_list":["post-8","page","type-page","status-publish","hentry"],"_links":{"self":[{"href":"https:\/\/www.jeodev.com\/index.php\/wp-json\/wp\/v2\/pages\/8","targetHints":{"allow":["GET"]}}],"collection":[{"href":"https:\/\/www.jeodev.com\/index.php\/wp-json\/wp\/v2\/pages"}],"about":[{"href":"https:\/\/www.jeodev.com\/index.php\/wp-json\/wp\/v2\/types\/page"}],"author":[{"embeddable":true,"href":"https:\/\/www.jeodev.com\/index.php\/wp-json\/wp\/v2\/users\/3"}],"replies":[{"embeddable":true,"href":"https:\/\/www.jeodev.com\/index.php\/wp-json\/wp\/v2\/comments?post=8"}],"version-history":[{"count":36,"href":"https:\/\/www.jeodev.com\/index.php\/wp-json\/wp\/v2\/pages\/8\/revisions"}],"predecessor-version":[{"id":155,"href":"https:\/\/www.jeodev.com\/index.php\/wp-json\/wp\/v2\/pages\/8\/revisions\/155"}],"wp:attachment":[{"href":"https:\/\/www.jeodev.com\/index.php\/wp-json\/wp\/v2\/media?parent=8"}],"curies":[{"name":"wp","href":"https:\/\/api.w.org\/{rel}","templated":true}]}}