{"id":14,"date":"2017-09-23T21:32:27","date_gmt":"2017-09-23T21:32:27","guid":{"rendered":"https:\/\/www.jeodev.com\/?page_id=14"},"modified":"2017-11-03T14:46:27","modified_gmt":"2017-11-03T14:46:27","slug":"hizmetlerimiz","status":"publish","type":"page","link":"https:\/\/www.jeodev.com\/index.php\/hizmetlerimiz\/","title":{"rendered":"Hizmetlerimiz"},"content":{"rendered":"\n<style type=\"text\/css\" data-created_by=\"avia_inline_auto\" id=\"style-css-av-av_one_half-f3e89b2fcb869f7c64e339c5baf0518b\">\n.flex_column.av-av_one_half-f3e89b2fcb869f7c64e339c5baf0518b{\nborder-width:1px;\nborder-color:#d1d1d1;\nborder-style:solid;\nborder-radius:10px 10px 10px 10px;\npadding:15px 15px 15px 15px;\n}\n<\/style>\n<div  class='flex_column av-av_one_half-f3e89b2fcb869f7c64e339c5baf0518b av_one_half  avia-builder-el-0  el_before_av_one_half  avia-builder-el-first  first flex_column_div av-animated-generic fade-in  '     ><section  class='av_textblock_section av-av_textblock-0366cc7376be6c9e82a3e9cc8987b64f '   itemscope=\"itemscope\" itemtype=\"https:\/\/schema.org\/CreativeWork\" ><div class='avia_textblock'  itemprop=\"text\" ><h2>Zemin Et\u00fcdleri<\/h2>\n<ul>\n<li>Jeoloji ve M\u00fchendislik Jeolojisi Haritalar\u0131<\/li>\n<li>Jeolojik-Jeoteknik Et\u00fctler<\/li>\n<li>Jeofizik Et\u00fctler<\/li>\n<li>Hidrojeolojik Et\u00fctler<\/li>\n<\/ul>\n<\/div><\/section><\/div>\n\n<style type=\"text\/css\" data-created_by=\"avia_inline_auto\" id=\"style-css-av-av_one_half-75f23cde1e1e7667c700831e4330e355\">\n.flex_column.av-av_one_half-75f23cde1e1e7667c700831e4330e355{\nborder-width:1px;\nborder-color:#d1d1d1;\nborder-style:solid;\nborder-radius:10px 10px 10px 10px;\npadding:15px 15px 15px 15px;\n}\n<\/style>\n<div  class='flex_column av-av_one_half-75f23cde1e1e7667c700831e4330e355 av_one_half  avia-builder-el-2  el_after_av_one_half  el_before_av_hr  flex_column_div av-animated-generic fade-in  '     ><section  class='av_textblock_section av-av_textblock-0366cc7376be6c9e82a3e9cc8987b64f '   itemscope=\"itemscope\" itemtype=\"https:\/\/schema.org\/CreativeWork\" ><div class='avia_textblock'  itemprop=\"text\" ><h2>Kalite Kontrol ve Test Hizmetleri<\/h2>\n<ul>\n<li>S\u0131k\u0131\u015fma Kontrol\u00fc Testleri<\/li>\n<li>Plaka Y\u00fckleme Testi<\/li>\n<li>Arazi CBR Testi<\/li>\n<li>Kaz\u0131k B\u00fct\u00fcnl\u00fck Testi<\/li>\n<\/ul>\n<\/div><\/section><\/div>\n<div  class='hr av-av_hr-bad5bc90bcef2f12297bff634a297b07 hr-short  avia-builder-el-4  el_after_av_one_half  el_before_av_one_half  hr-center'><span class='hr-inner '><span class=\"hr-inner-style\"><\/span><\/span><\/div>\n\n<style type=\"text\/css\" data-created_by=\"avia_inline_auto\" id=\"style-css-av-av_one_half-f3e89b2fcb869f7c64e339c5baf0518b\">\n.flex_column.av-av_one_half-f3e89b2fcb869f7c64e339c5baf0518b{\nborder-width:1px;\nborder-color:#d1d1d1;\nborder-style:solid;\nborder-radius:10px 10px 10px 10px;\npadding:15px 15px 15px 15px;\n}\n<\/style>\n<div  class='flex_column av-av_one_half-f3e89b2fcb869f7c64e339c5baf0518b av_one_half  avia-builder-el-5  el_after_av_hr  el_before_av_one_half  first flex_column_div av-animated-generic fade-in  '     ><section  class='av_textblock_section av-av_textblock-0366cc7376be6c9e82a3e9cc8987b64f '   itemscope=\"itemscope\" itemtype=\"https:\/\/schema.org\/CreativeWork\" ><div class='avia_textblock'  itemprop=\"text\" ><h2>Laboratuvar ve Arazi Deneyleri<\/h2>\n<ul>\n<li>Zemin Mekani\u011fi Deneyleri<\/li>\n<li>Kaya Mekani\u011fi<\/li>\n<li>Inkl\u0131nometre Kuyu \u0130malat\u0131 ve \u00d6l\u00e7\u00fcm\u00fc<\/li>\n<li>Kuyu ve Y\u00fczet Ekstansometresi<\/li>\n<li>Presiyometre<\/li>\n<li>Bas\u0131n\u00e7l\u0131 su testi deneyi (BST)<\/li>\n<li>Plaka y\u00fckleme deneyi<\/li>\n<li>Penetrasyon<\/li>\n<\/ul>\n<\/div><\/section><\/div>\n<style type=\"text\/css\" data-created_by=\"avia_inline_auto\" id=\"style-css-av-av_one_half-75f23cde1e1e7667c700831e4330e355\">\n.flex_column.av-av_one_half-75f23cde1e1e7667c700831e4330e355{\nborder-width:1px;\nborder-color:#d1d1d1;\nborder-style:solid;\nborder-radius:10px 10px 10px 10px;\npadding:15px 15px 15px 15px;\n}\n<\/style>\n<div  class='flex_column av-av_one_half-75f23cde1e1e7667c700831e4330e355 av_one_half  avia-builder-el-7  el_after_av_one_half  el_before_av_hr  flex_column_div av-animated-generic fade-in  '     ><section  class='av_textblock_section av-av_textblock-0366cc7376be6c9e82a3e9cc8987b64f '   itemscope=\"itemscope\" itemtype=\"https:\/\/schema.org\/CreativeWork\" ><div class='avia_textblock'  itemprop=\"text\" ><h2>Geoteknik Uygulamalar<\/h2>\n<ul>\n<li>Zemin \u0130yil\u015fetirme<\/li>\n<li>Goeteknik Proje ve Dan\u0131\u015fmanl\u0131k<\/li>\n<\/ul>\n<\/div><\/section><\/div><\/p>\n<div  class='hr av-av_hr-bad5bc90bcef2f12297bff634a297b07 hr-short  avia-builder-el-9  el_after_av_one_half  avia-builder-el-last  hr-center'><span class='hr-inner '><span class=\"hr-inner-style\"><\/span><\/span><\/div>\n","protected":false},"excerpt":{"rendered":"","protected":false},"author":3,"featured_media":0,"parent":0,"menu_order":0,"comment_status":"closed","ping_status":"closed","template":"","meta":{"footnotes":""},"class_list":["post-14","page","type-page","status-publish","hentry"],"_links":{"self":[{"href":"https:\/\/www.jeodev.com\/index.php\/wp-json\/wp\/v2\/pages\/14","targetHints":{"allow":["GET"]}}],"collection":[{"href":"https:\/\/www.jeodev.com\/index.php\/wp-json\/wp\/v2\/pages"}],"about":[{"href":"https:\/\/www.jeodev.com\/index.php\/wp-json\/wp\/v2\/types\/page"}],"author":[{"embeddable":true,"href":"https:\/\/www.jeodev.com\/index.php\/wp-json\/wp\/v2\/users\/3"}],"replies":[{"embeddable":true,"href":"https:\/\/www.jeodev.com\/index.php\/wp-json\/wp\/v2\/comments?post=14"}],"version-history":[{"count":9,"href":"https:\/\/www.jeodev.com\/index.php\/wp-json\/wp\/v2\/pages\/14\/revisions"}],"predecessor-version":[{"id":127,"href":"https:\/\/www.jeodev.com\/index.php\/wp-json\/wp\/v2\/pages\/14\/revisions\/127"}],"wp:attachment":[{"href":"https:\/\/www.jeodev.com\/index.php\/wp-json\/wp\/v2\/media?parent=14"}],"curies":[{"name":"wp","href":"https:\/\/api.w.org\/{rel}","templated":true}]}}