{"id":135,"date":"2017-11-03T15:07:42","date_gmt":"2017-11-03T15:07:42","guid":{"rendered":"https:\/\/www.jeodev.com\/?page_id=135"},"modified":"2018-05-10T20:03:00","modified_gmt":"2018-05-10T20:03:00","slug":"projelerimiz","status":"publish","type":"page","link":"https:\/\/www.jeodev.com\/index.php\/projelerimiz\/","title":{"rendered":"Projelerimiz"},"content":{"rendered":"\n<style type=\"text\/css\" data-created_by=\"avia_inline_auto\" id=\"style-css-av-av_one_half-6126cab7d8fab8d08143dd2dacdf673c\">\n.flex_column.av-av_one_half-6126cab7d8fab8d08143dd2dacdf673c{\nborder-radius:0px 0px 0px 0px;\npadding:0px 0px 0px 0px;\n}\n<\/style>\n<div  class='flex_column av-av_one_half-6126cab7d8fab8d08143dd2dacdf673c av_one_half  avia-builder-el-0  el_before_av_one_half  avia-builder-el-first  first flex_column_div av-zero-column-padding  '     ><p>\n<style type=\"text\/css\" data-created_by=\"avia_inline_auto\" id=\"style-css-av-av_heading-ca91aff77371299856cec27b218fada8\">\n#top .av-special-heading.av-av_heading-ca91aff77371299856cec27b218fada8{\npadding-bottom:10px;\n}\nbody .av-special-heading.av-av_heading-ca91aff77371299856cec27b218fada8 .av-special-heading-tag .heading-char{\nfont-size:25px;\n}\n.av-special-heading.av-av_heading-ca91aff77371299856cec27b218fada8 .av-subheading{\nfont-size:15px;\n}\n<\/style>\n<div  class='av-special-heading av-av_heading-ca91aff77371299856cec27b218fada8 av-special-heading-h3  avia-builder-el-1  el_before_av_heading  avia-builder-el-first '><h3 class='av-special-heading-tag'  itemprop=\"headline\"  >Biten Projelerimiz<\/h3><div class=\"special-heading-border\"><div class=\"special-heading-inner-border\"><\/div><\/div><\/div><br \/>\n\n<style type=\"text\/css\" data-created_by=\"avia_inline_auto\" id=\"style-css-av-av_heading-0d17578263c45179dfd272f715255ba8\">\n#top .av-special-heading.av-av_heading-0d17578263c45179dfd272f715255ba8{\npadding-bottom:10px;\n}\nbody .av-special-heading.av-av_heading-0d17578263c45179dfd272f715255ba8 .av-special-heading-tag .heading-char{\nfont-size:25px;\n}\n.av-special-heading.av-av_heading-0d17578263c45179dfd272f715255ba8 .av-subheading{\nfont-size:15px;\n}\n<\/style>\n<div  class='av-special-heading av-av_heading-0d17578263c45179dfd272f715255ba8 av-special-heading-h3  avia-builder-el-2  el_after_av_heading  el_before_av_gallery '><h3 class='av-special-heading-tag'  itemprop=\"headline\"  >Bursa Boz\u00fcy\u00fck Hamzabey Alt Ge\u00e7it Projesi<\/h3><div class=\"special-heading-border\"><div class=\"special-heading-inner-border\"><\/div><\/div><\/div><br \/>\n\n<style type=\"text\/css\" data-created_by=\"avia_inline_auto\" id=\"style-css-av-av_gallery-deee61d2cb8fc96361802ba2bf9a9541\">\n#top .avia-gallery.av-av_gallery-deee61d2cb8fc96361802ba2bf9a9541 .avia-gallery-thumb a{\nwidth:33.3333%;\n}\n<\/style>\n<div  class='avia-gallery av-av_gallery-deee61d2cb8fc96361802ba2bf9a9541 avia_animate_when_visible  avia-builder-el-3  el_after_av_heading  avia-builder-el-last  avia_lazyload avia-gallery-animate avia-gallery-1'  itemprop=\"image\" itemscope=\"itemscope\" itemtype=\"https:\/\/schema.org\/ImageObject\" ><meta itemprop=\"contentURL\" content=\"https:\/\/www.jeodev.com\/index.php\/projelerimiz\/\"><div class='avia-gallery-thumb'><a href=\"https:\/\/www.jeodev.com\/wp-content\/uploads\/2018\/05\/jeodev-bursa-boz\u00fcy\u00fck-hamzabey-alt-ge\u00e7it-projesi-6.jpg\" data-rel='gallery-1' data-prev-img='https:\/\/www.jeodev.com\/wp-content\/uploads\/2018\/05\/jeodev-bursa-boz\u00fcy\u00fck-hamzabey-alt-ge\u00e7it-projesi-6-495x400.jpg' class='first_thumb lightbox ' data-onclick='1' title='jeodev bursa boz\u00fcy\u00fck hamzabey alt ge\u00e7it projesi (6)'  itemprop=\"thumbnailUrl\"  ><img fetchpriority=\"high\" class=\"wp-image-171 avia-img-lazy-loading-not-171\"   src='https:\/\/www.jeodev.com\/wp-content\/uploads\/2018\/05\/jeodev-bursa-boz\u00fcy\u00fck-hamzabey-alt-ge\u00e7it-projesi-6-495x400.jpg' width='495' height='400'  title='jeodev bursa boz\u00fcy\u00fck hamzabey alt ge\u00e7it projesi (6)' alt='' \/><div class='big-prev-fake'><img loading=\"lazy\" class=\"wp-image-171 avia-img-lazy-loading-171\"  width='495' height='400' src='https:\/\/www.jeodev.com\/wp-content\/uploads\/2018\/05\/jeodev-bursa-boz\u00fcy\u00fck-hamzabey-alt-ge\u00e7it-projesi-6-495x400.jpg' title='jeodev bursa boz\u00fcy\u00fck hamzabey alt ge\u00e7it projesi (6)' alt='' \/><\/div><\/a><a href=\"https:\/\/www.jeodev.com\/wp-content\/uploads\/2018\/05\/jeodev-bursa-boz\u00fcy\u00fck-hamzabey-alt-ge\u00e7it-projesi-7.jpg\" data-rel='gallery-1' data-prev-img='https:\/\/www.jeodev.com\/wp-content\/uploads\/2018\/05\/jeodev-bursa-boz\u00fcy\u00fck-hamzabey-alt-ge\u00e7it-projesi-7-495x400.jpg' class='lightbox ' data-onclick='2' title='jeodev bursa boz\u00fcy\u00fck hamzabey alt ge\u00e7it projesi (7)'  itemprop=\"thumbnailUrl\"  ><img fetchpriority=\"high\" class=\"wp-image-172 avia-img-lazy-loading-not-172\"   src='https:\/\/www.jeodev.com\/wp-content\/uploads\/2018\/05\/jeodev-bursa-boz\u00fcy\u00fck-hamzabey-alt-ge\u00e7it-projesi-7-495x400.jpg' width='495' height='400'  title='jeodev bursa boz\u00fcy\u00fck hamzabey alt ge\u00e7it projesi (7)' alt='' \/><div class='big-prev-fake'><img loading=\"lazy\" class=\"wp-image-172 avia-img-lazy-loading-172\"  width='495' height='400' src='https:\/\/www.jeodev.com\/wp-content\/uploads\/2018\/05\/jeodev-bursa-boz\u00fcy\u00fck-hamzabey-alt-ge\u00e7it-projesi-7-495x400.jpg' title='jeodev bursa boz\u00fcy\u00fck hamzabey alt ge\u00e7it projesi (7)' alt='' \/><\/div><\/a><a href=\"https:\/\/www.jeodev.com\/wp-content\/uploads\/2018\/05\/jeodev-bursa-boz\u00fcy\u00fck-hamzabey-alt-ge\u00e7it-projesi-8.jpg\" data-rel='gallery-1' data-prev-img='https:\/\/www.jeodev.com\/wp-content\/uploads\/2018\/05\/jeodev-bursa-boz\u00fcy\u00fck-hamzabey-alt-ge\u00e7it-projesi-8-495x400.jpg' class='lightbox ' data-onclick='3' title='jeodev bursa boz\u00fcy\u00fck hamzabey alt ge\u00e7it projesi (8)'  itemprop=\"thumbnailUrl\"  ><img fetchpriority=\"high\" class=\"wp-image-173 avia-img-lazy-loading-not-173\"   src='https:\/\/www.jeodev.com\/wp-content\/uploads\/2018\/05\/jeodev-bursa-boz\u00fcy\u00fck-hamzabey-alt-ge\u00e7it-projesi-8-495x400.jpg' width='495' height='400'  title='jeodev bursa boz\u00fcy\u00fck hamzabey alt ge\u00e7it projesi (8)' alt='' \/><div class='big-prev-fake'><img loading=\"lazy\" class=\"wp-image-173 avia-img-lazy-loading-173\"  width='495' height='400' src='https:\/\/www.jeodev.com\/wp-content\/uploads\/2018\/05\/jeodev-bursa-boz\u00fcy\u00fck-hamzabey-alt-ge\u00e7it-projesi-8-495x400.jpg' title='jeodev bursa boz\u00fcy\u00fck hamzabey alt ge\u00e7it projesi (8)' alt='' \/><\/div><\/a><a href=\"https:\/\/www.jeodev.com\/wp-content\/uploads\/2018\/05\/jeodev-bursa-boz\u00fcy\u00fck-hamzabey-alt-ge\u00e7it-projesi-9.jpg\" data-rel='gallery-1' data-prev-img='https:\/\/www.jeodev.com\/wp-content\/uploads\/2018\/05\/jeodev-bursa-boz\u00fcy\u00fck-hamzabey-alt-ge\u00e7it-projesi-9-495x400.jpg' class='first_thumb lightbox ' data-onclick='4' title='jeodev bursa boz\u00fcy\u00fck hamzabey alt ge\u00e7it projesi (9)'  itemprop=\"thumbnailUrl\"  ><img fetchpriority=\"high\" class=\"wp-image-174 avia-img-lazy-loading-not-174\"   src='https:\/\/www.jeodev.com\/wp-content\/uploads\/2018\/05\/jeodev-bursa-boz\u00fcy\u00fck-hamzabey-alt-ge\u00e7it-projesi-9-495x400.jpg' width='495' height='400'  title='jeodev bursa boz\u00fcy\u00fck hamzabey alt ge\u00e7it projesi (9)' alt='' \/><div class='big-prev-fake'><img loading=\"lazy\" class=\"wp-image-174 avia-img-lazy-loading-174\"  width='495' height='400' src='https:\/\/www.jeodev.com\/wp-content\/uploads\/2018\/05\/jeodev-bursa-boz\u00fcy\u00fck-hamzabey-alt-ge\u00e7it-projesi-9-495x400.jpg' title='jeodev bursa boz\u00fcy\u00fck hamzabey alt ge\u00e7it projesi (9)' alt='' \/><\/div><\/a><a href=\"https:\/\/www.jeodev.com\/wp-content\/uploads\/2018\/05\/jeodev-bursa-boz\u00fcy\u00fck-hamzabey-alt-ge\u00e7it-projesi-1.jpg\" data-rel='gallery-1' data-prev-img='https:\/\/www.jeodev.com\/wp-content\/uploads\/2018\/05\/jeodev-bursa-boz\u00fcy\u00fck-hamzabey-alt-ge\u00e7it-projesi-1-495x400.jpg' class='lightbox ' data-onclick='5' title='jeodev bursa boz\u00fcy\u00fck hamzabey alt ge\u00e7it projesi (1)'  itemprop=\"thumbnailUrl\"  ><img fetchpriority=\"high\" class=\"wp-image-175 avia-img-lazy-loading-not-175\"   src='https:\/\/www.jeodev.com\/wp-content\/uploads\/2018\/05\/jeodev-bursa-boz\u00fcy\u00fck-hamzabey-alt-ge\u00e7it-projesi-1-495x400.jpg' width='495' height='400'  title='jeodev bursa boz\u00fcy\u00fck hamzabey alt ge\u00e7it projesi (1)' alt='' \/><div class='big-prev-fake'><img loading=\"lazy\" class=\"wp-image-175 avia-img-lazy-loading-175\"  width='495' height='400' src='https:\/\/www.jeodev.com\/wp-content\/uploads\/2018\/05\/jeodev-bursa-boz\u00fcy\u00fck-hamzabey-alt-ge\u00e7it-projesi-1-495x400.jpg' title='jeodev bursa boz\u00fcy\u00fck hamzabey alt ge\u00e7it projesi (1)' alt='' \/><\/div><\/a><a href=\"https:\/\/www.jeodev.com\/wp-content\/uploads\/2018\/05\/jeodev-bursa-boz\u00fcy\u00fck-hamzabey-alt-ge\u00e7it-projesi-2.jpg\" data-rel='gallery-1' data-prev-img='https:\/\/www.jeodev.com\/wp-content\/uploads\/2018\/05\/jeodev-bursa-boz\u00fcy\u00fck-hamzabey-alt-ge\u00e7it-projesi-2-495x400.jpg' class='lightbox ' data-onclick='6' title='jeodev bursa boz\u00fcy\u00fck hamzabey alt ge\u00e7it projesi (2)'  itemprop=\"thumbnailUrl\"  ><img fetchpriority=\"high\" class=\"wp-image-176 avia-img-lazy-loading-not-176\"   src='https:\/\/www.jeodev.com\/wp-content\/uploads\/2018\/05\/jeodev-bursa-boz\u00fcy\u00fck-hamzabey-alt-ge\u00e7it-projesi-2-495x400.jpg' width='495' height='400'  title='jeodev bursa boz\u00fcy\u00fck hamzabey alt ge\u00e7it projesi (2)' alt='' \/><div class='big-prev-fake'><img loading=\"lazy\" class=\"wp-image-176 avia-img-lazy-loading-176\"  width='495' height='400' src='https:\/\/www.jeodev.com\/wp-content\/uploads\/2018\/05\/jeodev-bursa-boz\u00fcy\u00fck-hamzabey-alt-ge\u00e7it-projesi-2-495x400.jpg' title='jeodev bursa boz\u00fcy\u00fck hamzabey alt ge\u00e7it projesi (2)' alt='' \/><\/div><\/a><a href=\"https:\/\/www.jeodev.com\/wp-content\/uploads\/2018\/05\/jeodev-bursa-boz\u00fcy\u00fck-hamzabey-alt-ge\u00e7it-projesi-3.jpg\" data-rel='gallery-1' data-prev-img='https:\/\/www.jeodev.com\/wp-content\/uploads\/2018\/05\/jeodev-bursa-boz\u00fcy\u00fck-hamzabey-alt-ge\u00e7it-projesi-3-495x400.jpg' class='first_thumb lightbox ' data-onclick='7' title='jeodev bursa boz\u00fcy\u00fck hamzabey alt ge\u00e7it projesi (3)'  itemprop=\"thumbnailUrl\"  ><img fetchpriority=\"high\" class=\"wp-image-177 avia-img-lazy-loading-not-177\"   src='https:\/\/www.jeodev.com\/wp-content\/uploads\/2018\/05\/jeodev-bursa-boz\u00fcy\u00fck-hamzabey-alt-ge\u00e7it-projesi-3-495x400.jpg' width='495' height='400'  title='jeodev bursa boz\u00fcy\u00fck hamzabey alt ge\u00e7it projesi (3)' alt='' \/><div class='big-prev-fake'><img loading=\"lazy\" class=\"wp-image-177 avia-img-lazy-loading-177\"  width='495' height='400' src='https:\/\/www.jeodev.com\/wp-content\/uploads\/2018\/05\/jeodev-bursa-boz\u00fcy\u00fck-hamzabey-alt-ge\u00e7it-projesi-3-495x400.jpg' title='jeodev bursa boz\u00fcy\u00fck hamzabey alt ge\u00e7it projesi (3)' alt='' \/><\/div><\/a><a href=\"https:\/\/www.jeodev.com\/wp-content\/uploads\/2018\/05\/jeodev-bursa-boz\u00fcy\u00fck-hamzabey-alt-ge\u00e7it-projesi-4.jpg\" data-rel='gallery-1' data-prev-img='https:\/\/www.jeodev.com\/wp-content\/uploads\/2018\/05\/jeodev-bursa-boz\u00fcy\u00fck-hamzabey-alt-ge\u00e7it-projesi-4-495x400.jpg' class='lightbox ' data-onclick='8' title='jeodev bursa boz\u00fcy\u00fck hamzabey alt ge\u00e7it projesi (4)'  itemprop=\"thumbnailUrl\"  ><img fetchpriority=\"high\" class=\"wp-image-178 avia-img-lazy-loading-not-178\"   src='https:\/\/www.jeodev.com\/wp-content\/uploads\/2018\/05\/jeodev-bursa-boz\u00fcy\u00fck-hamzabey-alt-ge\u00e7it-projesi-4-495x400.jpg' width='495' height='400'  title='jeodev bursa boz\u00fcy\u00fck hamzabey alt ge\u00e7it projesi (4)' alt='' \/><div class='big-prev-fake'><img loading=\"lazy\" class=\"wp-image-178 avia-img-lazy-loading-178\"  width='495' height='400' src='https:\/\/www.jeodev.com\/wp-content\/uploads\/2018\/05\/jeodev-bursa-boz\u00fcy\u00fck-hamzabey-alt-ge\u00e7it-projesi-4-495x400.jpg' title='jeodev bursa boz\u00fcy\u00fck hamzabey alt ge\u00e7it projesi (4)' alt='' \/><\/div><\/a><a href=\"https:\/\/www.jeodev.com\/wp-content\/uploads\/2018\/05\/jeodev-bursa-boz\u00fcy\u00fck-hamzabey-alt-ge\u00e7it-projesi-5.jpg\" data-rel='gallery-1' data-prev-img='https:\/\/www.jeodev.com\/wp-content\/uploads\/2018\/05\/jeodev-bursa-boz\u00fcy\u00fck-hamzabey-alt-ge\u00e7it-projesi-5-495x400.jpg' class='lightbox ' data-onclick='9' title='jeodev bursa boz\u00fcy\u00fck hamzabey alt ge\u00e7it projesi (5)'  itemprop=\"thumbnailUrl\"  ><img fetchpriority=\"high\" class=\"wp-image-179 avia-img-lazy-loading-not-179\"   src='https:\/\/www.jeodev.com\/wp-content\/uploads\/2018\/05\/jeodev-bursa-boz\u00fcy\u00fck-hamzabey-alt-ge\u00e7it-projesi-5-495x400.jpg' width='495' height='400'  title='jeodev bursa boz\u00fcy\u00fck hamzabey alt ge\u00e7it projesi (5)' alt='' \/><div class='big-prev-fake'><img loading=\"lazy\" class=\"wp-image-179 avia-img-lazy-loading-179\"  width='495' height='400' src='https:\/\/www.jeodev.com\/wp-content\/uploads\/2018\/05\/jeodev-bursa-boz\u00fcy\u00fck-hamzabey-alt-ge\u00e7it-projesi-5-495x400.jpg' title='jeodev bursa boz\u00fcy\u00fck hamzabey alt ge\u00e7it projesi (5)' alt='' \/><\/div><\/a><\/div><\/div><\/p><\/div>\n<style type=\"text\/css\" data-created_by=\"avia_inline_auto\" id=\"style-css-av-av_one_half-0aa7055fe62c3622faec82866afbaeb2\">\n.flex_column.av-av_one_half-0aa7055fe62c3622faec82866afbaeb2{\nborder-radius:0px 0px 0px 0px;\npadding:0px 0px 0px 0px;\n}\n<\/style>\n<div  class='flex_column av-av_one_half-0aa7055fe62c3622faec82866afbaeb2 av_one_half  avia-builder-el-4  el_after_av_one_half  avia-builder-el-last  flex_column_div av-zero-column-padding  '     ><style type=\"text\/css\" data-created_by=\"avia_inline_auto\" id=\"style-css-av-av_heading-5034bdba5b4fc51a2c391d56a9137fb6\">\n#top .av-special-heading.av-av_heading-5034bdba5b4fc51a2c391d56a9137fb6{\npadding-bottom:10px;\n}\nbody .av-special-heading.av-av_heading-5034bdba5b4fc51a2c391d56a9137fb6 .av-special-heading-tag .heading-char{\nfont-size:25px;\n}\n.av-special-heading.av-av_heading-5034bdba5b4fc51a2c391d56a9137fb6 .av-subheading{\nfont-size:15px;\n}\n<\/style>\n<div  class='av-special-heading av-av_heading-5034bdba5b4fc51a2c391d56a9137fb6 av-special-heading-h3  avia-builder-el-5  avia-builder-el-no-sibling '><h3 class='av-special-heading-tag'  itemprop=\"headline\"  >Devam Eden Projelerimiz<\/h3><div class=\"special-heading-border\"><div class=\"special-heading-inner-border\"><\/div><\/div><\/div><\/div><\/p>\n","protected":false},"excerpt":{"rendered":"","protected":false},"author":3,"featured_media":0,"parent":0,"menu_order":0,"comment_status":"closed","ping_status":"closed","template":"","meta":{"footnotes":""},"class_list":["post-135","page","type-page","status-publish","hentry"],"_links":{"self":[{"href":"https:\/\/www.jeodev.com\/index.php\/wp-json\/wp\/v2\/pages\/135","targetHints":{"allow":["GET"]}}],"collection":[{"href":"https:\/\/www.jeodev.com\/index.php\/wp-json\/wp\/v2\/pages"}],"about":[{"href":"https:\/\/www.jeodev.com\/index.php\/wp-json\/wp\/v2\/types\/page"}],"author":[{"embeddable":true,"href":"https:\/\/www.jeodev.com\/index.php\/wp-json\/wp\/v2\/users\/3"}],"replies":[{"embeddable":true,"href":"https:\/\/www.jeodev.com\/index.php\/wp-json\/wp\/v2\/comments?post=135"}],"version-history":[{"count":5,"href":"https:\/\/www.jeodev.com\/index.php\/wp-json\/wp\/v2\/pages\/135\/revisions"}],"predecessor-version":[{"id":185,"href":"https:\/\/www.jeodev.com\/index.php\/wp-json\/wp\/v2\/pages\/135\/revisions\/185"}],"wp:attachment":[{"href":"https:\/\/www.jeodev.com\/index.php\/wp-json\/wp\/v2\/media?parent=135"}],"curies":[{"name":"wp","href":"https:\/\/api.w.org\/{rel}","templated":true}]}}