{"id":12,"date":"2017-09-23T21:32:06","date_gmt":"2017-09-23T21:32:06","guid":{"rendered":"https:\/\/www.jeodev.com\/?page_id=12"},"modified":"2018-05-10T20:05:49","modified_gmt":"2018-05-10T20:05:49","slug":"hakkimizda","status":"publish","type":"page","link":"https:\/\/www.jeodev.com\/index.php\/hakkimizda\/","title":{"rendered":"Hakk\u0131m\u0131zda"},"content":{"rendered":"<section  class='av_textblock_section av-av_textblock-0366cc7376be6c9e82a3e9cc8987b64f '   itemscope=\"itemscope\" itemtype=\"https:\/\/schema.org\/CreativeWork\" ><div class='avia_textblock'  itemprop=\"text\" ><h3>V\u0130ZYONUMUZ<\/h3>\n<p>Bilimle, emekle, umutla ve inatla \u015fekillendirdi\u011fimiz ya\u015fam ve \u00e7al\u0131\u015fma anlay\u0131\u015f\u0131m\u0131zla, insana, do\u011faya, ya\u015fam \u00e7evremize, hak ve \u00f6zg\u00fcrl\u00fcklere sahip \u00e7\u0131kan ve geli\u015ftirilmesine katk\u0131 koyan, kendi uzmanl\u0131k alan\u0131nda \u00fcretilen bilim ve m\u00fchendislik hizmetleri ile e\u011fitiminin uluslararas\u0131 norm ve standartlarda ve halk\u0131n yarar\u0131na verilmesi ilkelerinden \u00f6d\u00fcn vermeksizin mesleki ve toplumsal alan\u0131 b\u00fct\u00fcnl\u00fckl\u00fc ele alarak; meslekta\u015flar, mesleki kurulu\u015flar, \u00fcniversitelerle ve demokratik kitle \u00f6rg\u00fctleri ile ili\u015fkilerini s\u00fcrekli geli\u015ftiren, ak\u0131lc\u0131, \u00fcretken, ilkeli, g\u00fcvenilir, dayan\u0131\u015fmac\u0131 ve sayg\u0131n bir mesleki demokratik kitle \u00f6rg\u00fct\u00fc olmak.<\/p>\n<\/div><\/section>\n<section  class='av_textblock_section av-av_textblock-0366cc7376be6c9e82a3e9cc8987b64f '   itemscope=\"itemscope\" itemtype=\"https:\/\/schema.org\/CreativeWork\" ><div class='avia_textblock'  itemprop=\"text\" ><h3>M\u0130SYONUMUZ<\/h3>\n<p>Jeoloji M\u00fchendisleri Odas\u0131n\u0131n ana y\u00f6netmeli\u011fi ve genel kurul kararlar\u0131 do\u011frultusunda belirlenmi\u015f ama\u00e7, de\u011ferler, davran\u0131\u015f standartlar\u0131 ve stratejileri do\u011frultusunda, \u00fclkemizdeki t\u00fcm jeoloji m\u00fchendisleri ile jeoloji m\u00fchendisli\u011fi \u00f6\u011frencilerini \u00fcye kaydederek meslekta\u015flar\u0131 aras\u0131nda dayan\u0131\u015fmay\u0131 sa\u011flayan, \u00fcyelerinin mesleki alanlardaki hak ve yetkilerini tan\u0131mlayarak bu hak ve yetkilerin korunmas\u0131 ve geli\u015ftirmesi y\u00f6n\u00fcnde \u00e7al\u0131\u015fmalar y\u00fcr\u00fcten,\u00a0 meslekta\u015flar\u0131n\u0131n e\u011fitim, bilim ve teknolojideki geli\u015fmeleri takip ederek deneyim, bilgi birikimi ve geli\u015fmesine katk\u0131 koyan, mesleki etik de\u011ferlere ba\u011fl\u0131 bireylerin yeti\u015fmesine \u00f6nc\u00fcl\u00fck eden, jeoloji bilim ve uygulamalar\u0131n\u0131n \u00f6nemini toplumsal bilince ta\u015f\u0131yan, jeoloji m\u00fchendisli\u011fi ile ilgili uygulamalarda bilgilendirici ve uyar\u0131c\u0131 g\u00f6revini yerine getirerek kamuoyunu ayd\u0131nlatan, mesleki sorunlar\u0131n \u00fclke sorunlar\u0131ndan ba\u011f\u0131ms\u0131z olamayaca\u011f\u0131 kabul\u00fc ile hareket edip, \u00fclke insan\u0131n e\u015fitlik, \u00f6zg\u00fcrl\u00fck, adalet, demokrasi ve hukuk m\u00fccadelesine destek veren yap\u0131n\u0131n olu\u015fturulmas\u0131n\u0131 sa\u011flamak.<\/p>\n<\/div><\/section>\n","protected":false},"excerpt":{"rendered":"","protected":false},"author":3,"featured_media":0,"parent":0,"menu_order":0,"comment_status":"closed","ping_status":"closed","template":"","meta":{"footnotes":""},"class_list":["post-12","page","type-page","status-publish","hentry"],"_links":{"self":[{"href":"https:\/\/www.jeodev.com\/index.php\/wp-json\/wp\/v2\/pages\/12","targetHints":{"allow":["GET"]}}],"collection":[{"href":"https:\/\/www.jeodev.com\/index.php\/wp-json\/wp\/v2\/pages"}],"about":[{"href":"https:\/\/www.jeodev.com\/index.php\/wp-json\/wp\/v2\/types\/page"}],"author":[{"embeddable":true,"href":"https:\/\/www.jeodev.com\/index.php\/wp-json\/wp\/v2\/users\/3"}],"replies":[{"embeddable":true,"href":"https:\/\/www.jeodev.com\/index.php\/wp-json\/wp\/v2\/comments?post=12"}],"version-history":[{"count":18,"href":"https:\/\/www.jeodev.com\/index.php\/wp-json\/wp\/v2\/pages\/12\/revisions"}],"predecessor-version":[{"id":183,"href":"https:\/\/www.jeodev.com\/index.php\/wp-json\/wp\/v2\/pages\/12\/revisions\/183"}],"wp:attachment":[{"href":"https:\/\/www.jeodev.com\/index.php\/wp-json\/wp\/v2\/media?parent=12"}],"curies":[{"name":"wp","href":"https:\/\/api.w.org\/{rel}","templated":true}]}}